{"id":13,"date":"2017-02-23T10:49:47","date_gmt":"2017-02-23T09:49:47","guid":{"rendered":"http:\/\/www.sofortrente.biz\/de\/?page_id=13"},"modified":"2017-07-18T10:44:50","modified_gmt":"2017-07-18T09:44:50","slug":"impressum-sofortrente-biz","status":"publish","type":"page","link":"https:\/\/www.sofortrente.biz\/de\/impressum-sofortrente-biz\/","title":{"rendered":"Impressum &#8211; Sofortrente.biz"},"content":{"rendered":"<h3>Impressum &#8211; Sofortrente.biz<\/h3>\n<h4>Verantwortlich f\u00fcr den Inhalt dieser Homepage ist:<\/h4>\n<p>Versicherungsmakler<br \/>\nWedler Dirk<br \/>\nRingstr. 10<br \/>\n06317 Seegebiet Mansfelder Land<\/p>\n<p>Kontakt<br \/>\nTelefon: +49 34757259988<br \/>\nTelefax: +49 32121220233<\/p>\n<p>E-Mail: info@sofortrente.biz<br \/>\nInternet: www.sofortrente.biz<\/p>\n<h3>Versicherungsvermittlerregister<\/h3>\n<p>Deutscher Industrie- und Handelstag<br \/>\nBreite Stra\u00dfe 29<br \/>\n10178 Berlin<br \/>\nTel: (0180) 500-585-0*<br \/>\n* 14 Cent\/Minute aus dem deutschen Festnetz, abweichende Preise aus Mobilfunknetzen<br \/>\nwww.vermittlerregister.info<\/p>\n<p>Registrierungsnummer: D-HJOD-350TN-42<\/p>\n<p>Zust\u00e4ndige Aufsichtsbeh\u00f6rde<br \/>\n(Erlaubnispflicht nach \u00a7 34 d Abs.1 GewO als Versicherungsmakler)<\/p>\n<p>Industrie- und Handelskammer Halle-Dessau<br \/>\nFranckestr. 5<br \/>\n06110 Halle (Saale)<br \/>\nSachsen-Anhalt<br \/>\nTelefon0345\/2126-224<br \/>\nTelefax0345\/2179- 524<br \/>\nhttp:\/\/www.halle.ihk.de<\/p>\n<h3>Schlichtungsstellen f\u00fcr au\u00dfergerichtliche Streitbeilegung:<\/h3>\n<p>Versicherungsombudsmann e.V.<br \/>\nPostfach 08 06 32<br \/>\n10006 Berlin<\/p>\n<p>Ombudsmann private Kranken- und Pflegeversicherung<br \/>\nPostfach 06 02 22<br \/>\n10052 Berlin<\/p>\n<h3>Beteiligungsklausel:<\/h3>\n<p>Der Makler h\u00e4lt keine unmittelbare oder mittelbare Beteiligung von mehr als 10 % der Stimmrechte oder des Kapitals an einem Versicherungsunternehmen.<\/p>\n<h3>Unabh\u00e4ngigkeitsklausel:<\/h3>\n<p>Ein Versicherungsunternehmen h\u00e4lt keine mittelbare oder unmittelbare Beteiligung von mehr als 10 % der Stimmrechte oder des Kapitals am Versicherungsmakler.<br \/>\nRechtshinweise<\/p>\n<p>Die auf unseren Internetseiten ver\u00f6ffentlichten Informationen wurden von uns sorgf\u00e4ltig recherchiert und \u00fcberpr\u00fcft. Alle Angaben dienen der Information der Besucher unserer Internetseiten. F\u00fcr die Richtigkeit, Aktualit\u00e4t und Vollst\u00e4ndigkeit k\u00f6nnen weder wir noch Dritte eine Haftung \u00fcbernehmen. Eine \u00dcberpr\u00fcfung und Aktualisierung findet in unregelm\u00e4\u00dfigen Abst\u00e4nden statt.<\/p>\n<p>Wir wollen selbstverst\u00e4ndlich keine Urheberrechte verletzen. Sollten Sie dennoch eine Verletzung von Urheberrechten auf unserer Homepage feststellen, so bitten wir um einen entsprechenden Hinweis. Wir werden den Hinweis dann umgehend pr\u00fcfen und die Urheberrechtsverletzung zeitnah von unserer Homepage entfernen.<\/p>\n","protected":false},"excerpt":{"rendered":"<p>Impressum &#8211; Sofortrente.biz Verantwortlich f\u00fcr den Inhalt dieser Homepage ist: Versicherungsmakler Wedler Dirk Ringstr. 10 06317 Seegebiet Mansfelder Land Kontakt Telefon: +49 34757259988 Telefax: +49 32121220233 E-Mail: info@sofortrente.biz Internet: www.sofortrente.biz Versicherungsvermittlerregister Deutscher Industrie- und Handelstag Breite Stra\u00dfe 29 10178 Berlin Tel: (0180) 500-585-0* * 14 Cent\/Minute aus dem deutschen Festnetz, abweichende Preise aus Mobilfunknetzen www.vermittlerregister.info &#8230; <a title=\"Impressum &#8211; Sofortrente.biz\" class=\"read-more\" href=\"https:\/\/www.sofortrente.biz\/de\/impressum-sofortrente-biz\/\" aria-label=\"Mehr Informationen \u00fcber Impressum &#8211; Sofortrente.biz\">Weiterlesen &#8230;<\/a><\/p>\n","protected":false},"author":1,"featured_media":0,"parent":0,"menu_order":0,"comment_status":"closed","ping_status":"closed","template":"","meta":{"footnotes":""},"class_list":["post-13","page","type-page","status-publish"],"_links":{"self":[{"href":"https:\/\/www.sofortrente.biz\/de\/wp-json\/wp\/v2\/pages\/13","targetHints":{"allow":["GET"]}}],"collection":[{"href":"https:\/\/www.sofortrente.biz\/de\/wp-json\/wp\/v2\/pages"}],"about":[{"href":"https:\/\/www.sofortrente.biz\/de\/wp-json\/wp\/v2\/types\/page"}],"author":[{"embeddable":true,"href":"https:\/\/www.sofortrente.biz\/de\/wp-json\/wp\/v2\/users\/1"}],"replies":[{"embeddable":true,"href":"https:\/\/www.sofortrente.biz\/de\/wp-json\/wp\/v2\/comments?post=13"}],"version-history":[{"count":2,"href":"https:\/\/www.sofortrente.biz\/de\/wp-json\/wp\/v2\/pages\/13\/revisions"}],"predecessor-version":[{"id":15,"href":"https:\/\/www.sofortrente.biz\/de\/wp-json\/wp\/v2\/pages\/13\/revisions\/15"}],"wp:attachment":[{"href":"https:\/\/www.sofortrente.biz\/de\/wp-json\/wp\/v2\/media?parent=13"}],"curies":[{"name":"wp","href":"https:\/\/api.w.org\/{rel}","templated":true}]}}